{"id":15,"date":"2023-08-12T20:28:38","date_gmt":"2023-08-12T20:28:38","guid":{"rendered":"https:\/\/www.futsalgermany.de\/?page_id=15"},"modified":"2024-02-23T11:14:12","modified_gmt":"2024-02-23T11:14:12","slug":"saisionauftakt-f95-futsal","status":"publish","type":"page","link":"https:\/\/www.futsalgermany.de\/index.php\/saisionauftakt-f95-futsal\/","title":{"rendered":"Saisonauftakt F95 Futsal"},"content":{"rendered":"\t\t<div data-elementor-type=\"wp-page\" data-elementor-id=\"15\" class=\"elementor elementor-15\">\n\t\t\t\t\t\t<section class=\"elementor-section elementor-top-section elementor-element elementor-element-1fa98cd elementor-section-boxed elementor-section-height-default elementor-section-height-default\" data-id=\"1fa98cd\" data-element_type=\"section\">\n\t\t\t\t\t\t<div class=\"elementor-container elementor-column-gap-default\">\n\t\t\t\t\t<div class=\"elementor-column elementor-col-100 elementor-top-column elementor-element elementor-element-18b49a3\" data-id=\"18b49a3\" data-element_type=\"column\">\n\t\t\t<div class=\"elementor-widget-wrap elementor-element-populated\">\n\t\t\t\t\t\t<div class=\"elementor-element elementor-element-0947b6c elementor-widget elementor-widget-spacer\" data-id=\"0947b6c\" data-element_type=\"widget\" data-widget_type=\"spacer.default\">\n\t\t\t\t<div class=\"elementor-widget-container\">\n\t\t\t<style>\/*! elementor - v3.21.0 - 08-05-2024 *\/\n.elementor-column .elementor-spacer-inner{height:var(--spacer-size)}.e-con{--container-widget-width:100%}.e-con-inner>.elementor-widget-spacer,.e-con>.elementor-widget-spacer{width:var(--container-widget-width,var(--spacer-size));--align-self:var(--container-widget-align-self,initial);--flex-shrink:0}.e-con-inner>.elementor-widget-spacer>.elementor-widget-container,.e-con>.elementor-widget-spacer>.elementor-widget-container{height:100%;width:100%}.e-con-inner>.elementor-widget-spacer>.elementor-widget-container>.elementor-spacer,.e-con>.elementor-widget-spacer>.elementor-widget-container>.elementor-spacer{height:100%}.e-con-inner>.elementor-widget-spacer>.elementor-widget-container>.elementor-spacer>.elementor-spacer-inner,.e-con>.elementor-widget-spacer>.elementor-widget-container>.elementor-spacer>.elementor-spacer-inner{height:var(--container-widget-height,var(--spacer-size))}.e-con-inner>.elementor-widget-spacer.elementor-widget-empty,.e-con>.elementor-widget-spacer.elementor-widget-empty{position:relative;min-height:22px;min-width:22px}.e-con-inner>.elementor-widget-spacer.elementor-widget-empty .elementor-widget-empty-icon,.e-con>.elementor-widget-spacer.elementor-widget-empty .elementor-widget-empty-icon{position:absolute;top:0;bottom:0;left:0;right:0;margin:auto;padding:0;width:22px;height:22px}<\/style>\t\t<div class=\"elementor-spacer\">\n\t\t\t<div class=\"elementor-spacer-inner\"><\/div>\n\t\t<\/div>\n\t\t\t\t<\/div>\n\t\t\t\t<\/div>\n\t\t\t\t<div class=\"elementor-element elementor-element-2133166 elementor-widget elementor-widget-heading\" data-id=\"2133166\" data-element_type=\"widget\" data-widget_type=\"heading.default\">\n\t\t\t\t<div class=\"elementor-widget-container\">\n\t\t\t<style>\/*! elementor - v3.21.0 - 08-05-2024 *\/\n.elementor-heading-title{padding:0;margin:0;line-height:1}.elementor-widget-heading .elementor-heading-title[class*=elementor-size-]>a{color:inherit;font-size:inherit;line-height:inherit}.elementor-widget-heading .elementor-heading-title.elementor-size-small{font-size:15px}.elementor-widget-heading .elementor-heading-title.elementor-size-medium{font-size:19px}.elementor-widget-heading .elementor-heading-title.elementor-size-large{font-size:29px}.elementor-widget-heading .elementor-heading-title.elementor-size-xl{font-size:39px}.elementor-widget-heading .elementor-heading-title.elementor-size-xxl{font-size:59px}<\/style><h2 class=\"elementor-heading-title elementor-size-default\">D\u00fcsseldorf gegen HOT - W\u00fcrdigungen - Appreciations<\/h2>\t\t<\/div>\n\t\t\t\t<\/div>\n\t\t\t\t<div class=\"elementor-element elementor-element-af9c0be elementor-widget elementor-widget-text-editor\" data-id=\"af9c0be\" data-element_type=\"widget\" data-widget_type=\"text-editor.default\">\n\t\t\t\t<div class=\"elementor-widget-container\">\n\t\t\t<style>\/*! elementor - v3.21.0 - 08-05-2024 *\/\n.elementor-widget-text-editor.elementor-drop-cap-view-stacked .elementor-drop-cap{background-color:#69727d;color:#fff}.elementor-widget-text-editor.elementor-drop-cap-view-framed .elementor-drop-cap{color:#69727d;border:3px solid;background-color:transparent}.elementor-widget-text-editor:not(.elementor-drop-cap-view-default) .elementor-drop-cap{margin-top:8px}.elementor-widget-text-editor:not(.elementor-drop-cap-view-default) .elementor-drop-cap-letter{width:1em;height:1em}.elementor-widget-text-editor .elementor-drop-cap{float:left;text-align:center;line-height:1;font-size:50px}.elementor-widget-text-editor .elementor-drop-cap-letter{display:inline-block}<\/style>\t\t\t\t<p>Am<strong> Samstag, den 2. September 2023, startete um 18:00<\/strong> Uhr auch Fortuna D\u00fcsseldorf in die 3. Bundesligaspielzeit und traf in der heimischen Comeniushalle auf den zweifachen Bundesliga&#8211;Vizemeister VfL 05 Hohenstein-Ernstthal, kurz VfL 05 HOT. An dieser Stelle gehe ich nicht auf das Spiel ein, erkl\u00e4re taktische Winkelz\u00fcge oder verzweifele an Schiedsrichterentscheidungen. Ich nehme mir Zeit f\u00fcr W\u00fcrdigungen. Diese m\u00fcssen teilweise auch Unw\u00fcrdigungen genannt werden, leider! Aber bildet euch eure eigene Meinung. Meine hab ich schon.<\/p><p><strong>Frank und Edgar<\/strong> stehen exemplarisch f\u00fcr die Ordner-Truppe von Fortuna D\u00fcsseldorf, die die Futsaler seit 2019 begleiten. Die Crew macht in der Gesamtheit einen gro\u00dfen Job und steht zudem f\u00fcr jede Art von bl\u00f6den Witzen zur Verf\u00fcgung. Eine sehr attraktive Kombination. Zu dieser Gruppe gesellen sich Ehrenamtler mit so illustren Namen wie Antonio, die trotz eigener Jobs, Frau, Kinder, Familie und eigenem Leben, den widrigen Umst\u00e4nden der Halle trotzen und daf\u00fcr sorgen, dass es l\u00e4uft. <strong>Auch den Fans und Zuschauern<\/strong>, die mal mehr, mal weniger regelm\u00e4\u00dfig in Oberkassel aufschlagen, ist Respekt zu zollen. In der <a href=\"https:\/\/www.d-sports.de\/\">Sportstadt D\u00fcsseldorf<\/a>, die mit Invictus Games, Fu\u00dfball, Leichtathletik, Hockey, Tischtennis, Eishockey, NFL Europe, Tennis, Basketball, Fu\u00dfball WM Spielst\u00e4tte, Volleyball EM Spielst\u00e4tte, Padeltennis Spielst\u00e4tte, usw.. ein \u00fcberdimensional gro\u00dfes Sportangebot zu bieten hat, eine Randsportart wie Futsal in das regelm\u00e4\u00dfige Bewusstsein von Menschen zu bringen, ist wichtig und nicht selbstverst\u00e4ndlich. Das spricht f\u00fcr den Job der geleistet wird, f\u00fcr den Sport und f\u00fcr die Besucher! Wie war das Spiel eigentlich? Wird zwischendurch jemand fragen. Wie immer viele, teils spektakul\u00e4re Torraumszenen, starke Defensivrotationen und taktisch sehr gut durchgespielte Offensivsaktionen. Hervorragende Torh\u00fcter und eine Menge individueller fu\u00dfballerischer Qualit\u00e4t auf der Platte. Aber zu wenig Tore. Am Ende gewann, wie immer, wenn F95 gegen HOT spielt, HOT (1:2). <strong>Zum VfL 05 Hohenstein-Ernstthal Futsal<\/strong> sei noch erw\u00e4hnt, dass genau ein Spieler, des in Aktion tretenden Kaders f\u00fcr die deutsche Futsal Nationalmannschaft auflaufen darf. <a href=\"https:\/\/www.dfb.de\/futsal\/nationalmannschaft\/\">Christopher Wittig traf in 56 Spielen bisher 20x<\/a> und das teilweise spielentscheidend. Der Rest der Mannschaft bestand fast komplett aus osteurop\u00e4ischen Legion\u00e4ren, vornehmlich aus der Ukraine. Spielerische Expertise aus veritablen Futsal-Nationen ist gut und hilft uns besser zu werden, aber wir brauchen dringend eine Ausl\u00e4nderbeschr\u00e4nkung im Kader oder ein Mindestkontingent von deutschen Spielern, die auch regelm\u00e4\u00dfig zum Zug kommen um den Sport auch auf h\u00f6chster Ebene in der Breite zu stabilisieren und Identifikation in den Clubs zu stiften. Zu w\u00fcrdigen an diesem Tag sind auch die neuen Partner von Fortuna D\u00fcsseldorf Futsal. Allen voran der neue Hauptsponsor <a href=\"https:\/\/www.monitorerp.com\/de\/?gad=1&amp;gclid=EAIaIQobChMIwtDjtJuggQMVcIVoCR0ezwiPEAAYAiAAEgJqj_D_BwE\">Monitor ERP System aus Schweden<\/a> sowie die <a href=\"https:\/\/www.deutz-werbung.de\/?gclid=EAIaIQobChMI95ig_piggQMV_kBBAh1t9ATcEAAYASAAEgLdgPD_BwE\">deutz Produktionsstudios<\/a> und <a href=\"https:\/\/de.linkedin.com\/in\/tobias-pfeffel-088515127\">Print Store Druckerei Pfeffel<\/a>. Die vier anwesenden Unparteiischen haben auf der Platte eine vertretbare Leistung hingelegt. Hinter den Kulissen war der Auftritt von Einzelnen dann leider etwas ungl\u00fccklich. Qua Ton und Duktus scho\u00df man etwas \u00fcber das Ziel hinaus und die Tatsache, dass trotz handfester Nachfrage der F95 Abteilungsleitung bisher keine R\u00fcckmeldung zu dem vom DFB monierten Thema eingetrudelt ist, spricht nicht unbedingt f\u00fcr regelbasiertes oder regelkonformes Grundlagenwissen. Wie dem auch sei! Warum der DFB jetzt das Post-Match-Interview f\u00fcr die Highlights gecancelt hat, konnte mir selbst der DFB nicht beantworten? Wegen der Gema-freien Dudelmusik oder was? Auch wenn ich es billigen muss, kann ich es nicht w\u00fcrdigen! <strong>By HPE, 10.9.2023<\/strong> &#8211; <strong>Foto by Mirzet Ekic<\/strong> &#8211; <a href=\"https:\/\/www.instagram.com\/siebeneinsfotografie\/?hl=de\">@siebeneinsforografie<\/a><\/p>\t\t\t\t\t\t<\/div>\n\t\t\t\t<\/div>\n\t\t\t\t\t<\/div>\n\t\t<\/div>\n\t\t\t\t\t<\/div>\n\t\t<\/section>\n\t\t\t\t<section class=\"elementor-section elementor-top-section elementor-element elementor-element-24a12ce elementor-section-boxed elementor-section-height-default elementor-section-height-default\" data-id=\"24a12ce\" data-element_type=\"section\">\n\t\t\t\t\t\t<div class=\"elementor-container elementor-column-gap-default\">\n\t\t\t\t\t<div class=\"elementor-column elementor-col-100 elementor-top-column elementor-element elementor-element-4eb8b38\" data-id=\"4eb8b38\" data-element_type=\"column\">\n\t\t\t<div class=\"elementor-widget-wrap elementor-element-populated\">\n\t\t\t\t\t\t<div class=\"elementor-element elementor-element-776fee7 elementor-widget elementor-widget-spacer\" data-id=\"776fee7\" data-element_type=\"widget\" data-widget_type=\"spacer.default\">\n\t\t\t\t<div class=\"elementor-widget-container\">\n\t\t\t\t\t<div class=\"elementor-spacer\">\n\t\t\t<div class=\"elementor-spacer-inner\"><\/div>\n\t\t<\/div>\n\t\t\t\t<\/div>\n\t\t\t\t<\/div>\n\t\t\t\t\t<\/div>\n\t\t<\/div>\n\t\t\t\t\t<\/div>\n\t\t<\/section>\n\t\t\t\t<section class=\"elementor-section elementor-top-section elementor-element elementor-element-6b35702 elementor-section-boxed elementor-section-height-default elementor-section-height-default\" data-id=\"6b35702\" data-element_type=\"section\">\n\t\t\t\t\t\t<div class=\"elementor-container elementor-column-gap-default\">\n\t\t\t\t\t<div class=\"elementor-column elementor-col-100 elementor-top-column elementor-element elementor-element-be51211\" data-id=\"be51211\" data-element_type=\"column\">\n\t\t\t<div class=\"elementor-widget-wrap elementor-element-populated\">\n\t\t\t\t\t\t<div class=\"elementor-element elementor-element-e7530b6 elementor-widget elementor-widget-image\" data-id=\"e7530b6\" data-element_type=\"widget\" data-widget_type=\"image.default\">\n\t\t\t\t<div class=\"elementor-widget-container\">\n\t\t\t<style>\/*! elementor - v3.21.0 - 08-05-2024 *\/\n.elementor-widget-image{text-align:center}.elementor-widget-image a{display:inline-block}.elementor-widget-image a img[src$=\".svg\"]{width:48px}.elementor-widget-image img{vertical-align:middle;display:inline-block}<\/style>\t\t\t\t\t\t\t\t\t\t<img fetchpriority=\"high\" decoding=\"async\" width=\"1024\" height=\"819\" src=\"https:\/\/www.futsalgermany.de\/wp-content\/uploads\/2023\/09\/DSC3010-1024x819.jpg\" class=\"attachment-large size-large wp-image-648\" alt=\"\" srcset=\"https:\/\/www.futsalgermany.de\/wp-content\/uploads\/2023\/09\/DSC3010-1024x819.jpg 1024w, https:\/\/www.futsalgermany.de\/wp-content\/uploads\/2023\/09\/DSC3010-300x240.jpg 300w, https:\/\/www.futsalgermany.de\/wp-content\/uploads\/2023\/09\/DSC3010-768x614.jpg 768w, https:\/\/www.futsalgermany.de\/wp-content\/uploads\/2023\/09\/DSC3010.jpg 1350w\" sizes=\"(max-width: 1024px) 100vw, 1024px\" \/>\t\t\t\t\t\t\t\t\t\t\t\t\t<\/div>\n\t\t\t\t<\/div>\n\t\t\t\t\t<\/div>\n\t\t<\/div>\n\t\t\t\t\t<\/div>\n\t\t<\/section>\n\t\t\t\t<\/div>\n\t\t","protected":false},"excerpt":{"rendered":"<p>D\u00fcsseldorf gegen HOT &#8211; W\u00fcrdigungen &#8211; Appreciations Am Samstag, den 2. September 2023, startete um 18:00 Uhr auch Fortuna D\u00fcsseldorf in die 3. Bundesligaspielzeit und traf in der heimischen Comeniushalle auf den zweifachen Bundesliga&#8211;Vizemeister VfL 05 Hohenstein-Ernstthal, kurz VfL 05 HOT. An dieser Stelle gehe ich nicht auf das Spiel ein, erkl\u00e4re taktische Winkelz\u00fcge oder [&hellip;]<\/p>\n","protected":false},"author":1,"featured_media":0,"parent":0,"menu_order":0,"comment_status":"closed","ping_status":"closed","template":"elementor_header_footer","meta":{"footnotes":""},"class_list":["post-15","page","type-page","status-publish","hentry","entry"],"_links":{"self":[{"href":"https:\/\/www.futsalgermany.de\/index.php\/wp-json\/wp\/v2\/pages\/15","targetHints":{"allow":["GET"]}}],"collection":[{"href":"https:\/\/www.futsalgermany.de\/index.php\/wp-json\/wp\/v2\/pages"}],"about":[{"href":"https:\/\/www.futsalgermany.de\/index.php\/wp-json\/wp\/v2\/types\/page"}],"author":[{"embeddable":true,"href":"https:\/\/www.futsalgermany.de\/index.php\/wp-json\/wp\/v2\/users\/1"}],"replies":[{"embeddable":true,"href":"https:\/\/www.futsalgermany.de\/index.php\/wp-json\/wp\/v2\/comments?post=15"}],"version-history":[{"count":122,"href":"https:\/\/www.futsalgermany.de\/index.php\/wp-json\/wp\/v2\/pages\/15\/revisions"}],"predecessor-version":[{"id":783,"href":"https:\/\/www.futsalgermany.de\/index.php\/wp-json\/wp\/v2\/pages\/15\/revisions\/783"}],"wp:attachment":[{"href":"https:\/\/www.futsalgermany.de\/index.php\/wp-json\/wp\/v2\/media?parent=15"}],"curies":[{"name":"wp","href":"https:\/\/api.w.org\/{rel}","templated":true}]}}