{"id":17,"date":"2023-08-12T20:28:59","date_gmt":"2023-08-12T20:28:59","guid":{"rendered":"https:\/\/www.futsalgermany.de\/?page_id=17"},"modified":"2023-08-13T18:25:46","modified_gmt":"2023-08-13T18:25:46","slug":"das-erste-tor-der-futsal","status":"publish","type":"page","link":"https:\/\/www.futsalgermany.de\/index.php\/das-erste-tor-der-futsal\/","title":{"rendered":"Das erste Tor der Futsal Bundesliga"},"content":{"rendered":"\t\t<div data-elementor-type=\"wp-page\" data-elementor-id=\"17\" class=\"elementor elementor-17\">\n\t\t\t\t\t\t<section class=\"elementor-section elementor-top-section elementor-element elementor-element-394f643 elementor-section-boxed elementor-section-height-default elementor-section-height-default\" data-id=\"394f643\" data-element_type=\"section\">\n\t\t\t\t\t\t<div class=\"elementor-container elementor-column-gap-default\">\n\t\t\t\t\t<div class=\"elementor-column elementor-col-100 elementor-top-column elementor-element elementor-element-cc324f4\" data-id=\"cc324f4\" data-element_type=\"column\">\n\t\t\t<div class=\"elementor-widget-wrap elementor-element-populated\">\n\t\t\t\t\t\t<div class=\"elementor-element elementor-element-9476ae0 elementor-widget elementor-widget-heading\" data-id=\"9476ae0\" data-element_type=\"widget\" data-widget_type=\"heading.default\">\n\t\t\t\t<div class=\"elementor-widget-container\">\n\t\t\t<style>\/*! elementor - v3.21.0 - 08-05-2024 *\/\n.elementor-heading-title{padding:0;margin:0;line-height:1}.elementor-widget-heading .elementor-heading-title[class*=elementor-size-]>a{color:inherit;font-size:inherit;line-height:inherit}.elementor-widget-heading .elementor-heading-title.elementor-size-small{font-size:15px}.elementor-widget-heading .elementor-heading-title.elementor-size-medium{font-size:19px}.elementor-widget-heading .elementor-heading-title.elementor-size-large{font-size:29px}.elementor-widget-heading .elementor-heading-title.elementor-size-xl{font-size:39px}.elementor-widget-heading .elementor-heading-title.elementor-size-xxl{font-size:59px}<\/style><h2 class=\"elementor-heading-title elementor-size-default\">Fortuna D\u00fcsseldorf Futsal v HSV Panthers 1:0 (0:0) <\/h2>\t\t<\/div>\n\t\t\t\t<\/div>\n\t\t\t\t<div class=\"elementor-element elementor-element-42874dc elementor-widget elementor-widget-video\" data-id=\"42874dc\" data-element_type=\"widget\" data-settings=\"{&quot;youtube_url&quot;:&quot;https:\\\/\\\/www.youtube.com\\\/watch?v=PAOa5cPBJfY&quot;,&quot;video_type&quot;:&quot;youtube&quot;,&quot;controls&quot;:&quot;yes&quot;}\" data-widget_type=\"video.default\">\n\t\t\t\t<div class=\"elementor-widget-container\">\n\t\t\t<style>\/*! elementor - v3.21.0 - 08-05-2024 *\/\n.elementor-widget-video .elementor-widget-container{overflow:hidden;transform:translateZ(0)}.elementor-widget-video .elementor-wrapper{aspect-ratio:var(--video-aspect-ratio)}.elementor-widget-video .elementor-wrapper iframe,.elementor-widget-video .elementor-wrapper video{height:100%;width:100%;display:flex;border:none;background-color:#000}@supports not (aspect-ratio:1\/1){.elementor-widget-video .elementor-wrapper{position:relative;overflow:hidden;height:0;padding-bottom:calc(100% \/ var(--video-aspect-ratio))}.elementor-widget-video .elementor-wrapper iframe,.elementor-widget-video .elementor-wrapper video{position:absolute;top:0;right:0;bottom:0;left:0}}.elementor-widget-video .elementor-open-inline .elementor-custom-embed-image-overlay{position:absolute;top:0;right:0;bottom:0;left:0;background-size:cover;background-position:50%}.elementor-widget-video .elementor-custom-embed-image-overlay{cursor:pointer;text-align:center}.elementor-widget-video .elementor-custom-embed-image-overlay:hover .elementor-custom-embed-play i{opacity:1}.elementor-widget-video .elementor-custom-embed-image-overlay img{display:block;width:100%;aspect-ratio:var(--video-aspect-ratio);-o-object-fit:cover;object-fit:cover;-o-object-position:center center;object-position:center center}@supports not (aspect-ratio:1\/1){.elementor-widget-video .elementor-custom-embed-image-overlay{position:relative;overflow:hidden;height:0;padding-bottom:calc(100% \/ var(--video-aspect-ratio))}.elementor-widget-video .elementor-custom-embed-image-overlay img{position:absolute;top:0;right:0;bottom:0;left:0}}.elementor-widget-video .e-hosted-video .elementor-video{-o-object-fit:cover;object-fit:cover}.e-con-inner>.elementor-widget-video,.e-con>.elementor-widget-video{width:var(--container-widget-width);--flex-grow:var(--container-widget-flex-grow)}<\/style>\t\t<div class=\"elementor-wrapper elementor-open-inline\">\n\t\t\t<div class=\"elementor-video\"><\/div>\t\t<\/div>\n\t\t\t\t<\/div>\n\t\t\t\t<\/div>\n\t\t\t\t\t<\/div>\n\t\t<\/div>\n\t\t\t\t\t<\/div>\n\t\t<\/section>\n\t\t\t\t<section class=\"elementor-section elementor-top-section elementor-element elementor-element-b85f726 elementor-section-boxed elementor-section-height-default elementor-section-height-default\" data-id=\"b85f726\" data-element_type=\"section\">\n\t\t\t\t\t\t<div class=\"elementor-container elementor-column-gap-default\">\n\t\t\t\t\t<div class=\"elementor-column elementor-col-100 elementor-top-column elementor-element elementor-element-6c6ed1e\" data-id=\"6c6ed1e\" data-element_type=\"column\">\n\t\t\t<div class=\"elementor-widget-wrap elementor-element-populated\">\n\t\t\t\t\t\t<div class=\"elementor-element elementor-element-0850b86 elementor-widget elementor-widget-text-editor\" data-id=\"0850b86\" data-element_type=\"widget\" data-widget_type=\"text-editor.default\">\n\t\t\t\t<div class=\"elementor-widget-container\">\n\t\t\t<style>\/*! elementor - v3.21.0 - 08-05-2024 *\/\n.elementor-widget-text-editor.elementor-drop-cap-view-stacked .elementor-drop-cap{background-color:#69727d;color:#fff}.elementor-widget-text-editor.elementor-drop-cap-view-framed .elementor-drop-cap{color:#69727d;border:3px solid;background-color:transparent}.elementor-widget-text-editor:not(.elementor-drop-cap-view-default) .elementor-drop-cap{margin-top:8px}.elementor-widget-text-editor:not(.elementor-drop-cap-view-default) .elementor-drop-cap-letter{width:1em;height:1em}.elementor-widget-text-editor .elementor-drop-cap{float:left;text-align:center;line-height:1;font-size:50px}.elementor-widget-text-editor .elementor-drop-cap-letter{display:inline-block}<\/style>\t\t\t\t<p><span class=\"yt-core-attributed-string yt-core-attributed-string--white-space-pre-wrap\" role=\"text\"><span class=\"yt-core-attributed-string--link-inherit-color\">CASTELLO D\u00fcsseldorf, Freitag, 3. September 2021 <\/span><\/span><\/p><p><span class=\"yt-core-attributed-string yt-core-attributed-string--white-space-pre-wrap\" role=\"text\"><span class=\"yt-core-attributed-string--link-inherit-color\">\u00a0<\/span><\/span><\/p><p><span class=\"yt-core-attributed-string yt-core-attributed-string--white-space-pre-wrap\" role=\"text\"><span class=\"yt-core-attributed-string--link-inherit-color\">Auftaktspiel der ersten Futsal Bundesligasaison, Kick-Off <\/span><span class=\"yt-core-attributed-string--link-inherit-color\">19:00<\/span><span class=\"yt-core-attributed-string--link-inherit-color\"> Uhr, 850 Zuschauer, Fortuna D\u00fcsseldorf Futsal trifft auf den deutschen Rekordmeister, HSV Panthers.<\/span><\/span><\/p><p><span class=\"yt-core-attributed-string yt-core-attributed-string--white-space-pre-wrap\" role=\"text\"><span class=\"yt-core-attributed-string--link-inherit-color\">\u00a0<\/span><\/span><\/p><p><span class=\"yt-core-attributed-string yt-core-attributed-string--white-space-pre-wrap\" role=\"text\"><span class=\"yt-core-attributed-string--link-inherit-color\">Gegen <\/span><span class=\"yt-core-attributed-string--link-inherit-color\">20:37<\/span><span class=\"yt-core-attributed-string--link-inherit-color\"> Uhr spielt Lukas Sepp von der Mittelinie einen halbhohen Ball auf Eike Thiemann. Der legt den Ball mit seiner Annahme am HSV Spieler vorbei. Zieht dann mit seinem starken linken Fu\u00df ab und trifft historisch zum 1:0 f\u00fcr die D\u00fcsseldorfer. Die gewinnen die Partie am Ende durch das erste Futsal Bundesligator der Geschichte sehr Futsal-untypisch. <\/span><\/span><\/p><p><strong><span class=\"yt-core-attributed-string yt-core-attributed-string--white-space-pre-wrap\" role=\"text\"><span class=\"yt-core-attributed-string--link-inherit-color\">Video created by lionel sam &#8211; More on Instagram lionel_sam<\/span><\/span><\/strong><\/p>\t\t\t\t\t\t<\/div>\n\t\t\t\t<\/div>\n\t\t\t\t\t<\/div>\n\t\t<\/div>\n\t\t\t\t\t<\/div>\n\t\t<\/section>\n\t\t\t\t<\/div>\n\t\t","protected":false},"excerpt":{"rendered":"<p>Fortuna D\u00fcsseldorf Futsal v HSV Panthers 1:0 (0:0) https:\/\/www.youtube.com\/watch?v=PAOa5cPBJfY CASTELLO D\u00fcsseldorf, Freitag, 3. September 2021 \u00a0 Auftaktspiel der ersten Futsal Bundesligasaison, Kick-Off 19:00 Uhr, 850 Zuschauer, Fortuna D\u00fcsseldorf Futsal trifft auf den deutschen Rekordmeister, HSV Panthers. \u00a0 Gegen 20:37 Uhr spielt Lukas Sepp von der Mittelinie einen halbhohen Ball auf Eike Thiemann. Der legt den [&hellip;]<\/p>\n","protected":false},"author":1,"featured_media":0,"parent":0,"menu_order":0,"comment_status":"closed","ping_status":"closed","template":"elementor_header_footer","meta":{"footnotes":""},"class_list":["post-17","page","type-page","status-publish","hentry","entry"],"_links":{"self":[{"href":"https:\/\/www.futsalgermany.de\/index.php\/wp-json\/wp\/v2\/pages\/17","targetHints":{"allow":["GET"]}}],"collection":[{"href":"https:\/\/www.futsalgermany.de\/index.php\/wp-json\/wp\/v2\/pages"}],"about":[{"href":"https:\/\/www.futsalgermany.de\/index.php\/wp-json\/wp\/v2\/types\/page"}],"author":[{"embeddable":true,"href":"https:\/\/www.futsalgermany.de\/index.php\/wp-json\/wp\/v2\/users\/1"}],"replies":[{"embeddable":true,"href":"https:\/\/www.futsalgermany.de\/index.php\/wp-json\/wp\/v2\/comments?post=17"}],"version-history":[{"count":26,"href":"https:\/\/www.futsalgermany.de\/index.php\/wp-json\/wp\/v2\/pages\/17\/revisions"}],"predecessor-version":[{"id":282,"href":"https:\/\/www.futsalgermany.de\/index.php\/wp-json\/wp\/v2\/pages\/17\/revisions\/282"}],"wp:attachment":[{"href":"https:\/\/www.futsalgermany.de\/index.php\/wp-json\/wp\/v2\/media?parent=17"}],"curies":[{"name":"wp","href":"https:\/\/api.w.org\/{rel}","templated":true}]}}